{"id":2638,"date":"2022-06-21T13:12:50","date_gmt":"2022-06-21T11:12:50","guid":{"rendered":"https:\/\/www.femrent.com\/politica-cookies\/"},"modified":"2026-02-10T17:15:06","modified_gmt":"2026-02-10T16:15:06","slug":"cookies-policy","status":"publish","type":"page","link":"https:\/\/www.femrent.com\/en\/cookies-policy\/","title":{"rendered":"Cookies policy"},"content":{"rendered":"\t\t<div data-elementor-type=\"wp-page\" data-elementor-id=\"2638\" class=\"elementor elementor-2638 elementor-2177\">\n\t\t\t\t\t\t<section class=\"elementor-section elementor-top-section elementor-element elementor-element-27972941 elementor-section-boxed elementor-section-height-default elementor-section-height-default\" data-id=\"27972941\" data-element_type=\"section\" data-e-type=\"section\">\n\t\t\t\t\t\t<div class=\"elementor-container elementor-column-gap-default\">\n\t\t\t\t\t<div class=\"elementor-column elementor-col-100 elementor-top-column elementor-element elementor-element-4bb1a896\" data-id=\"4bb1a896\" data-element_type=\"column\" data-e-type=\"column\">\n\t\t\t<div class=\"elementor-widget-wrap elementor-element-populated\">\n\t\t\t\t\t\t<div class=\"elementor-element elementor-element-68730e94 elementor-widget elementor-widget-text-editor\" data-id=\"68730e94\" data-element_type=\"widget\" data-e-type=\"widget\" data-widget_type=\"text-editor.default\">\n\t\t\t\t<div class=\"elementor-widget-container\">\n\t\t\t\t\t\t\t\t\t<p><span style=\"font-weight: 400;\">We use our own and third-party cookies to offer our services, collect statistical information and include advertising. Si contin\u00faa navegando, acepta su instalaci\u00f3n y uso. Puede cambiar la configuraci\u00f3n u obtener m\u00e1s informaci\u00f3n en nuestra <\/span><span style=\"font-weight: 400;\">pol\u00edtica de cookies<\/span><\/p><p>\u00a0<\/p><h5><b>Use of COOKIES<\/b><\/h5><p><span style=\"font-weight: 400;\">Our website uses cookies to improve navigation and obtain statistical data on the visits obtained.<\/span><\/p><p>\u00a0<\/p><h5><b>What are cookies?<\/b><\/h5><p><span style=\"font-weight: 400;\">Cookies are small text files that are installed on the computer from which you visit our website and that provide us with information automatically. <\/span><b>Cookies en ning\u00fan caso se pue<\/b><span style=\"font-weight: 400;\">de<\/span><b>n <\/b><strong>considerar<\/strong><b> como un virus inform\u00e1tico<\/b><span style=\"font-weight: 400;\">. They do not damage the computer or slow down its operation in any way. You can delete our Cookies at any time, or rechazarlas configuring your web browser.<\/span><\/p><p><span style=\"font-weight: 400;\">Cookies are only associated with the browser of a determined computer (an anonymous user), and do not provide the user&#8217;s name and applications. Thanks to the cookies, it is possible that <\/span><b>FEMRENT <\/b><span style=\"font-weight: 400;\">recognizes the browsers of registered users after they have been registered for the first time, without having to register on each visit to access the areas and services reserved exclusively for them. Our &#8220;cookies&#8221; are used to identify a user session (&#8220;session cookies&#8221;) and \/ or a computer (&#8220;temporary cookies&#8221;), and do not provide by themselves the user&#8217;s number or any other personal data. The cookies used cannot read the cookie files created by other providers. The user has the possibility of configuring their browser to be notified on the screen of the reception of cookies and to prevent the installation of cookies in their hard disk. Please consult the instructions and manuals of your browser to expand this information.<\/span><\/p><p><b>FEMRENT<\/b><span style=\"font-weight: 400;\"> uses two different types of cookies on our website:<\/span><\/p><p><b>Third-party<\/b> <b>web analytics<\/b> <b>cookies<\/b><span style=\"font-weight: 400;\">: Installed on your computer by the Google Analytics service. Son cookies estad\u00edsticas, con las cueles podemos conocer datos \u00fatiles para mejorar nuestro sitio web. Some data collected are, for example: the number of visits received, the origin of the visits, the key words used to find them or the times of greatest flow of visitors. Puede obtener m\u00e1s informaci\u00f3n sobre la pol\u00edtica de privacidad de Google Analytics, visitando el siguiente enlace:<\/span><span style=\"font-weight: 400;\"><br \/><\/span><a href=\"http:\/\/www.google.es\/intl\/es\/analytics\/privacyoverview.html\"><span style=\"font-weight: 400;\">Google Analytics cookies policy<\/span><\/a><\/p><p><span style=\"font-weight: 400;\">You can configure your browser to not receive these cookies and they will bechazed. Otherwise, we understand that we count with your consent for its installation.<\/span><\/p><p><b>Interfaz<\/b> <b>personalization<\/b><span style=\"font-weight: 400;\"> cookies<\/span><b>:<\/b><span style=\"font-weight: 400;\"> Used to facilitate navigation of our website. Permiten recordar algunos aspectos gr\u00e1ficos de nuestra web autom\u00e1ticamente. In case of receiving these Cookies or being deleted, browsing on our website will not work so easily.<\/span><\/p><p><span style=\"font-weight: 400;\">Si tiene dudas sobre nuestra pol\u00edtica de uso de uso de cookies, se puede poner en contacto con nosotros en el siguiente correo <\/span><span style=\"font-weight: 400;\">info@femrent.com<\/span><\/p><p>\u00a0<\/p><h5><b>How to delete cookies<\/b><\/h5><p><span style=\"font-weight: 400;\">From your browser you can delete the cookies installed on your computer. Cookies are installed for each browser and therefore you must delete them from the browser used to enter our website.<\/span><\/p><p><span style=\"font-weight: 400;\">Here you have information about how to do it in the main browsers:<\/span><\/p><ul><li style=\"font-weight: 400;\" aria-level=\"1\"><a href=\"https:\/\/support.google.com\/chrome\/answer\/95647?hl=es\"><span style=\"font-weight: 400;\">Deleting cookies in Chrome<\/span><\/a><\/li><li style=\"font-weight: 400;\" aria-level=\"1\"><a href=\"https:\/\/support.mozilla.org\/es\/kb\/Borrar%20cookies\"><span style=\"font-weight: 400;\">Deleting cookies in Firefox<\/span><\/a><\/li><li style=\"font-weight: 400;\" aria-level=\"1\"><a href=\"http:\/\/windows.microsoft.com\/es-xl\/internet-explorer\/delete-manage-cookies#ie=ie-10\"><span style=\"font-weight: 400;\">Delete cookies in Internet Explorer<\/span><\/a><\/li><li style=\"font-weight: 400;\" aria-level=\"1\"><a href=\"http:\/\/support.apple.com\/kb\/HT1677?viewlocale=es_ES&amp;locale=es_ES\"><span style=\"font-weight: 400;\">Delete cookies in Safari<\/span><\/a><\/li><li style=\"font-weight: 400;\" aria-level=\"1\"><a href=\"http:\/\/help.opera.com\/Windows\/11.50\/es-ES\/cookies.html\"><span style=\"font-weight: 400;\">Delete cookies in Opera<\/span><\/a><\/li><\/ul><p><span style=\"font-weight: 400;\">For more information about the use of Cookies you can review the following documentation<\/span><\/p><p><a href=\"http:\/\/www.agpd.es\/portalwebAGPD\/canaldocumentacion\/publicaciones\/common\/Guias\/Guia_Cookies.pdf\"><span style=\"font-weight: 400;\">Guide on the use of cookies by the Spanish Data Protection Agency.<\/span><\/a><\/p>\t\t\t\t\t\t\t\t<\/div>\n\t\t\t\t<\/div>\n\t\t\t\t\t<\/div>\n\t\t<\/div>\n\t\t\t\t\t<\/div>\n\t\t<\/section>\n\t\t\t\t<\/div>\n\t\t","protected":false},"excerpt":{"rendered":"<p>We use our own and third-party cookies to offer our services, collect statistical information and include advertising. Si contin\u00faa navegando, acepta su instalaci\u00f3n y uso. Puede cambiar la configuraci\u00f3n u obtener m\u00e1s informaci\u00f3n en nuestra pol\u00edtica de cookies \u00a0 Use of COOKIES Our website uses cookies to improve navigation and obtain statistical data on the [&hellip;]<\/p>\n","protected":false},"author":2,"featured_media":0,"parent":0,"menu_order":0,"comment_status":"closed","ping_status":"open","template":"","meta":{"site-sidebar-layout":"default","site-content-layout":"","ast-site-content-layout":"default","site-content-style":"default","site-sidebar-style":"default","ast-global-header-display":"","ast-banner-title-visibility":"","ast-main-header-display":"","ast-hfb-above-header-display":"","ast-hfb-below-header-display":"","ast-hfb-mobile-header-display":"","site-post-title":"","ast-breadcrumbs-content":"","ast-featured-img":"","footer-sml-layout":"","ast-disable-related-posts":"","theme-transparent-header-meta":"","adv-header-id-meta":"","stick-header-meta":"","header-above-stick-meta":"","header-main-stick-meta":"","header-below-stick-meta":"","astra-migrate-meta-layouts":"default","ast-page-background-enabled":"default","ast-page-background-meta":{"desktop":{"background-color":"var(--ast-global-color-4)","background-image":"","background-repeat":"repeat","background-position":"center center","background-size":"auto","background-attachment":"scroll","background-type":"","background-media":"","overlay-type":"","overlay-color":"","overlay-opacity":"","overlay-gradient":""},"tablet":{"background-color":"","background-image":"","background-repeat":"repeat","background-position":"center center","background-size":"auto","background-attachment":"scroll","background-type":"","background-media":"","overlay-type":"","overlay-color":"","overlay-opacity":"","overlay-gradient":""},"mobile":{"background-color":"","background-image":"","background-repeat":"repeat","background-position":"center center","background-size":"auto","background-attachment":"scroll","background-type":"","background-media":"","overlay-type":"","overlay-color":"","overlay-opacity":"","overlay-gradient":""}},"ast-content-background-meta":{"desktop":{"background-color":"var(--ast-global-color-5)","background-image":"","background-repeat":"repeat","background-position":"center center","background-size":"auto","background-attachment":"scroll","background-type":"","background-media":"","overlay-type":"","overlay-color":"","overlay-opacity":"","overlay-gradient":""},"tablet":{"background-color":"var(--ast-global-color-5)","background-image":"","background-repeat":"repeat","background-position":"center center","background-size":"auto","background-attachment":"scroll","background-type":"","background-media":"","overlay-type":"","overlay-color":"","overlay-opacity":"","overlay-gradient":""},"mobile":{"background-color":"var(--ast-global-color-5)","background-image":"","background-repeat":"repeat","background-position":"center center","background-size":"auto","background-attachment":"scroll","background-type":"","background-media":"","overlay-type":"","overlay-color":"","overlay-opacity":"","overlay-gradient":""}},"footnotes":""},"class_list":["post-2638","page","type-page","status-publish","hentry"],"yoast_head":"<!-- This site is optimized with the Yoast SEO plugin v27.4 - https:\/\/yoast.com\/product\/yoast-seo-wordpress\/ -->\n<title>Cookies policy - FemRent<\/title>\n<meta name=\"robots\" content=\"index, follow, max-snippet:-1, max-image-preview:large, max-video-preview:-1\" \/>\n<link rel=\"canonical\" href=\"https:\/\/www.femrent.com\/en\/cookies-policy\/\" \/>\n<meta property=\"og:locale\" content=\"en_US\" \/>\n<meta property=\"og:type\" content=\"article\" \/>\n<meta property=\"og:title\" content=\"Cookies policy - FemRent\" \/>\n<meta property=\"og:description\" content=\"We use our own and third-party cookies to offer our services, collect statistical information and include advertising. Si contin\u00faa navegando, acepta su instalaci\u00f3n y uso. Puede cambiar la configuraci\u00f3n u obtener m\u00e1s informaci\u00f3n en nuestra pol\u00edtica de cookies \u00a0 Use of COOKIES Our website uses cookies to improve navigation and obtain statistical data on the [&hellip;]\" \/>\n<meta property=\"og:url\" content=\"https:\/\/www.femrent.com\/en\/cookies-policy\/\" \/>\n<meta property=\"og:site_name\" content=\"FemRent\" \/>\n<meta property=\"article:modified_time\" content=\"2026-02-10T16:15:06+00:00\" \/>\n<meta name=\"twitter:card\" content=\"summary_large_image\" \/>\n<meta name=\"twitter:label1\" content=\"Est. reading time\" \/>\n\t<meta name=\"twitter:data1\" content=\"3 minutes\" \/>\n<script type=\"application\/ld+json\" class=\"yoast-schema-graph\">{\"@context\":\"https:\\\/\\\/schema.org\",\"@graph\":[{\"@type\":\"WebPage\",\"@id\":\"https:\\\/\\\/www.femrent.com\\\/en\\\/cookies-policy\\\/\",\"url\":\"https:\\\/\\\/www.femrent.com\\\/en\\\/cookies-policy\\\/\",\"name\":\"Cookies policy - FemRent\",\"isPartOf\":{\"@id\":\"https:\\\/\\\/www.femrent.com\\\/#website\"},\"datePublished\":\"2022-06-21T11:12:50+00:00\",\"dateModified\":\"2026-02-10T16:15:06+00:00\",\"breadcrumb\":{\"@id\":\"https:\\\/\\\/www.femrent.com\\\/en\\\/cookies-policy\\\/#breadcrumb\"},\"inLanguage\":\"en-US\",\"potentialAction\":[{\"@type\":\"ReadAction\",\"target\":[\"https:\\\/\\\/www.femrent.com\\\/en\\\/cookies-policy\\\/\"]}]},{\"@type\":\"BreadcrumbList\",\"@id\":\"https:\\\/\\\/www.femrent.com\\\/en\\\/cookies-policy\\\/#breadcrumb\",\"itemListElement\":[{\"@type\":\"ListItem\",\"position\":1,\"name\":\"Inici\",\"item\":\"https:\\\/\\\/www.femrent.com\\\/en\\\/\"},{\"@type\":\"ListItem\",\"position\":2,\"name\":\"Cookies policy\"}]},{\"@type\":\"WebSite\",\"@id\":\"https:\\\/\\\/www.femrent.com\\\/#website\",\"url\":\"https:\\\/\\\/www.femrent.com\\\/\",\"name\":\"FemRent\",\"description\":\"\",\"publisher\":{\"@id\":\"https:\\\/\\\/www.femrent.com\\\/#organization\"},\"potentialAction\":[{\"@type\":\"SearchAction\",\"target\":{\"@type\":\"EntryPoint\",\"urlTemplate\":\"https:\\\/\\\/www.femrent.com\\\/?s={search_term_string}\"},\"query-input\":{\"@type\":\"PropertyValueSpecification\",\"valueRequired\":true,\"valueName\":\"search_term_string\"}}],\"inLanguage\":\"en-US\"},{\"@type\":\"Organization\",\"@id\":\"https:\\\/\\\/www.femrent.com\\\/#organization\",\"name\":\"FemRent\",\"url\":\"https:\\\/\\\/www.femrent.com\\\/\",\"logo\":{\"@type\":\"ImageObject\",\"inLanguage\":\"en-US\",\"@id\":\"https:\\\/\\\/www.femrent.com\\\/#\\\/schema\\\/logo\\\/image\\\/\",\"url\":\"https:\\\/\\\/www.femrent.com\\\/wp-content\\\/uploads\\\/2022\\\/06\\\/logo_fem_rent.png\",\"contentUrl\":\"https:\\\/\\\/www.femrent.com\\\/wp-content\\\/uploads\\\/2022\\\/06\\\/logo_fem_rent.png\",\"width\":155,\"height\":121,\"caption\":\"FemRent\"},\"image\":{\"@id\":\"https:\\\/\\\/www.femrent.com\\\/#\\\/schema\\\/logo\\\/image\\\/\"}}]}<\/script>\n<!-- \/ Yoast SEO plugin. -->","yoast_head_json":{"title":"Cookies policy - FemRent","robots":{"index":"index","follow":"follow","max-snippet":"max-snippet:-1","max-image-preview":"max-image-preview:large","max-video-preview":"max-video-preview:-1"},"canonical":"https:\/\/www.femrent.com\/en\/cookies-policy\/","og_locale":"en_US","og_type":"article","og_title":"Cookies policy - FemRent","og_description":"We use our own and third-party cookies to offer our services, collect statistical information and include advertising. Si contin\u00faa navegando, acepta su instalaci\u00f3n y uso. Puede cambiar la configuraci\u00f3n u obtener m\u00e1s informaci\u00f3n en nuestra pol\u00edtica de cookies \u00a0 Use of COOKIES Our website uses cookies to improve navigation and obtain statistical data on the [&hellip;]","og_url":"https:\/\/www.femrent.com\/en\/cookies-policy\/","og_site_name":"FemRent","article_modified_time":"2026-02-10T16:15:06+00:00","twitter_card":"summary_large_image","twitter_misc":{"Est. reading time":"3 minutes"},"schema":{"@context":"https:\/\/schema.org","@graph":[{"@type":"WebPage","@id":"https:\/\/www.femrent.com\/en\/cookies-policy\/","url":"https:\/\/www.femrent.com\/en\/cookies-policy\/","name":"Cookies policy - FemRent","isPartOf":{"@id":"https:\/\/www.femrent.com\/#website"},"datePublished":"2022-06-21T11:12:50+00:00","dateModified":"2026-02-10T16:15:06+00:00","breadcrumb":{"@id":"https:\/\/www.femrent.com\/en\/cookies-policy\/#breadcrumb"},"inLanguage":"en-US","potentialAction":[{"@type":"ReadAction","target":["https:\/\/www.femrent.com\/en\/cookies-policy\/"]}]},{"@type":"BreadcrumbList","@id":"https:\/\/www.femrent.com\/en\/cookies-policy\/#breadcrumb","itemListElement":[{"@type":"ListItem","position":1,"name":"Inici","item":"https:\/\/www.femrent.com\/en\/"},{"@type":"ListItem","position":2,"name":"Cookies policy"}]},{"@type":"WebSite","@id":"https:\/\/www.femrent.com\/#website","url":"https:\/\/www.femrent.com\/","name":"FemRent","description":"","publisher":{"@id":"https:\/\/www.femrent.com\/#organization"},"potentialAction":[{"@type":"SearchAction","target":{"@type":"EntryPoint","urlTemplate":"https:\/\/www.femrent.com\/?s={search_term_string}"},"query-input":{"@type":"PropertyValueSpecification","valueRequired":true,"valueName":"search_term_string"}}],"inLanguage":"en-US"},{"@type":"Organization","@id":"https:\/\/www.femrent.com\/#organization","name":"FemRent","url":"https:\/\/www.femrent.com\/","logo":{"@type":"ImageObject","inLanguage":"en-US","@id":"https:\/\/www.femrent.com\/#\/schema\/logo\/image\/","url":"https:\/\/www.femrent.com\/wp-content\/uploads\/2022\/06\/logo_fem_rent.png","contentUrl":"https:\/\/www.femrent.com\/wp-content\/uploads\/2022\/06\/logo_fem_rent.png","width":155,"height":121,"caption":"FemRent"},"image":{"@id":"https:\/\/www.femrent.com\/#\/schema\/logo\/image\/"}}]}},"_links":{"self":[{"href":"https:\/\/www.femrent.com\/en\/wp-json\/wp\/v2\/pages\/2638","targetHints":{"allow":["GET"]}}],"collection":[{"href":"https:\/\/www.femrent.com\/en\/wp-json\/wp\/v2\/pages"}],"about":[{"href":"https:\/\/www.femrent.com\/en\/wp-json\/wp\/v2\/types\/page"}],"author":[{"embeddable":true,"href":"https:\/\/www.femrent.com\/en\/wp-json\/wp\/v2\/users\/2"}],"replies":[{"embeddable":true,"href":"https:\/\/www.femrent.com\/en\/wp-json\/wp\/v2\/comments?post=2638"}],"version-history":[{"count":4,"href":"https:\/\/www.femrent.com\/en\/wp-json\/wp\/v2\/pages\/2638\/revisions"}],"predecessor-version":[{"id":2752,"href":"https:\/\/www.femrent.com\/en\/wp-json\/wp\/v2\/pages\/2638\/revisions\/2752"}],"wp:attachment":[{"href":"https:\/\/www.femrent.com\/en\/wp-json\/wp\/v2\/media?parent=2638"}],"curies":[{"name":"wp","href":"https:\/\/api.w.org\/{rel}","templated":true}]}}