{"id":2640,"date":"2022-03-25T22:14:46","date_gmt":"2022-03-25T21:14:46","guid":{"rendered":"https:\/\/www.femrent.com\/politica-privacitat\/"},"modified":"2026-02-10T17:13:49","modified_gmt":"2026-02-10T16:13:49","slug":"privacy-policy","status":"publish","type":"page","link":"https:\/\/www.femrent.com\/en\/privacy-policy\/","title":{"rendered":"Privacy policy"},"content":{"rendered":"\t\t<div data-elementor-type=\"wp-page\" data-elementor-id=\"2640\" class=\"elementor elementor-2640 elementor-3\">\n\t\t\t\t\t\t<section class=\"elementor-section elementor-top-section elementor-element elementor-element-28cbc88c elementor-section-boxed elementor-section-height-default elementor-section-height-default\" data-id=\"28cbc88c\" data-element_type=\"section\" data-e-type=\"section\">\n\t\t\t\t\t\t<div class=\"elementor-container elementor-column-gap-default\">\n\t\t\t\t\t<div class=\"elementor-column elementor-col-100 elementor-top-column elementor-element elementor-element-389076b\" data-id=\"389076b\" data-element_type=\"column\" data-e-type=\"column\">\n\t\t\t<div class=\"elementor-widget-wrap elementor-element-populated\">\n\t\t\t\t\t\t<div class=\"elementor-element elementor-element-4fc2c448 elementor-widget elementor-widget-text-editor\" data-id=\"4fc2c448\" data-element_type=\"widget\" data-e-type=\"widget\" data-widget_type=\"text-editor.default\">\n\t\t\t\t<div class=\"elementor-widget-container\">\n\t\t\t\t\t\t\t\t\t<p><span style=\"font-weight: 400;\">FEMRENT est\u00e1 especialmente sensibilizada con la protecci\u00f3n de los datos de sus clientes y los usuarios de su p\u00e1gina web, por lo que en compliplimiento con la legislaci\u00f3n vigente en materia de protecci\u00f3n de datos personales le informamos de lo siguiente:<\/span><\/p><h5><b>\u00a0<\/b><\/h5><h5><b>1. Ownership of the ficheros<\/b><\/h5><p><span style=\"font-weight: 400;\">The owner of this website and the personal data files that are collected through this is:\u00a0<\/span><\/p><p><span style=\"font-weight: 400;\">FEMRENT<\/span><span style=\"font-weight: 400;\"><br \/><\/span><span style=\"font-weight: 400;\">info@femrent.com<\/span><\/p><p><span style=\"font-weight: 400;\">\u00a0<\/span><\/p><h5><b>2. Recogida de los datos de navegaci\u00f3n<\/b><\/h5><p><span style=\"font-weight: 400;\">Puede acceder a todas las \u00e1reas de nuestra p\u00e1gina web en las que no se requiera el uso de claves de acceso sin revelar su identidad.\u00a0<\/span><\/p><h5><b>\u00a0<\/b><\/h5><h5><b>3. Consentimiento para procesar sus datos<\/b><\/h5><p><span style=\"font-weight: 400;\">We only process your personal data when we are authorized to do so.\u00a0<\/span><\/p><p><span style=\"font-weight: 400;\">Usted se puede solicitar informaci\u00f3n como usuario de nuestra web, en el apartado &#8220;P\u00f3ngase en contacto&#8221;. El registro es necesario si quiere recibir m\u00e1s informaci\u00f3n de nuestras promociones. Como parte del proceso de solicitud de informaci\u00f3n, recogemos, guardamos y procesamos los siguientes datos:<\/span><\/p><ul><li style=\"font-weight: 400;\" aria-level=\"1\"><span style=\"font-weight: 400;\">Name and applications<\/span><\/li><li style=\"font-weight: 400;\" aria-level=\"1\"><span style=\"font-weight: 400;\">Telephone<\/span><\/li><li style=\"font-weight: 400;\" aria-level=\"1\"><span style=\"font-weight: 400;\">Email<\/span><\/li><li style=\"font-weight: 400;\" aria-level=\"1\"><span style=\"font-weight: 400;\">Ciudad<\/span><\/li><li style=\"font-weight: 400;\" aria-level=\"1\"><span style=\"font-weight: 400;\">Message<\/span><\/li><\/ul><p><span style=\"font-weight: 400;\">By requesting information through our website, you give your consent for the personal data supplied to be collected and processed by FEMRENT in accordance with this Privacy Policy and current legislation.\u00a0<\/span><\/p><p><span style=\"font-weight: 400;\">Al facilitarnos sus datos, usted reconoce que la informaci\u00f3n proporcionada mediante el formulario &#8220;preg\u00fantanos&#8221; es cierta, correcta, completa y est\u00e1 actualizada.<\/span><\/p><h5><b>\u00a0<\/b><\/h5><h5><b>4. Finality<\/b><\/h5><p><span style=\"font-weight: 400;\">The data provided by usted may be used by FEMRENT in order to manage the requests made to FEMRENT and the delivery of documentation of the promotions, as well as so that we can keep you informed of our new actions.<\/span><\/p><p><span style=\"font-weight: 400;\">Por otra parte, si usted lo solicita, le proporcionaremos informaci\u00f3n acerca de los datos que poseemos sobre usted, corregiremos cualquier informaci\u00f3n imprecisa, actualizaremos sus datos o eliminaremos informaci\u00f3n que poseamos, salvo que por exigencia legal se deba conservar determinada informaci\u00f3n.<\/span><\/p><h5><b>\u00a0<\/b><\/h5><h5><b>5. Rights of Access, Rectification, Deletion and Opposition<\/b><\/h5><p><span style=\"font-weight: 400;\">You may exercise your rights of access, rectification, deletion and opposition to your treatment by sending a communication, with the reference &#8220;Data Protection&#8221;, to FEMRENT, e-mail <\/span><span style=\"font-weight: 400;\">info@femrent.com<\/span><\/p><p><span style=\"font-weight: 400;\">For this, you must attach a photocopy of your ID card or passport.<\/span><\/p><p><span style=\"font-weight: 400;\">If you are not able to satisfactorily exercise the rights listed herein, you can file a claim with the Spanish Data Protection Agency (<\/span><a href=\"http:\/\/www.agpd.es\/\"><span style=\"font-weight: 400;\">www.agpd.es<\/span><\/a><span style=\"font-weight: 400;\">).<\/span><\/p><h5><b>\u00a0<\/b><\/h5><h5><b>6. Use of your personal data<\/b><\/h5><ul><li style=\"font-weight: 400;\" aria-level=\"1\"><span style=\"font-weight: 400;\">a) FEMRENT guarantees that its data will not be transferred to third parties without their prior and express consent, except to the delivery of documentation that should be sent.<\/span><\/li><li style=\"font-weight: 400;\" aria-level=\"1\"><span style=\"font-weight: 400;\">b) FEMRENT has adopted the legally required levels of security for the protection of personal data and has installed all the means and technical measures to its height to avoid loss, misuse, alteration, unauthorized access and theft of these.\u00a0<\/span><\/li><li style=\"font-weight: 400;\" aria-level=\"1\"><span style=\"font-weight: 400;\">c) Your personal data will be stored by FEMRENT during the time necessary to comply with the corresponding legal obligations.\u00a0<\/span><\/li><\/ul>\t\t\t\t\t\t\t\t<\/div>\n\t\t\t\t<\/div>\n\t\t\t\t\t<\/div>\n\t\t<\/div>\n\t\t\t\t\t<\/div>\n\t\t<\/section>\n\t\t\t\t<\/div>\n\t\t","protected":false},"excerpt":{"rendered":"<p>FEMRENT est\u00e1 especialmente sensibilizada con la protecci\u00f3n de los datos de sus clientes y los usuarios de su p\u00e1gina web, por lo que en compliplimiento con la legislaci\u00f3n vigente en materia de protecci\u00f3n de datos personales le informamos de lo siguiente: \u00a0 1. Ownership of the ficheros The owner of this website and the personal [&hellip;]<\/p>\n","protected":false},"author":1,"featured_media":0,"parent":0,"menu_order":0,"comment_status":"closed","ping_status":"open","template":"","meta":{"site-sidebar-layout":"default","site-content-layout":"","ast-site-content-layout":"default","site-content-style":"default","site-sidebar-style":"default","ast-global-header-display":"","ast-banner-title-visibility":"","ast-main-header-display":"","ast-hfb-above-header-display":"","ast-hfb-below-header-display":"","ast-hfb-mobile-header-display":"","site-post-title":"","ast-breadcrumbs-content":"","ast-featured-img":"","footer-sml-layout":"","ast-disable-related-posts":"","theme-transparent-header-meta":"","adv-header-id-meta":"","stick-header-meta":"","header-above-stick-meta":"","header-main-stick-meta":"","header-below-stick-meta":"","astra-migrate-meta-layouts":"default","ast-page-background-enabled":"default","ast-page-background-meta":{"desktop":{"background-color":"var(--ast-global-color-4)","background-image":"","background-repeat":"repeat","background-position":"center center","background-size":"auto","background-attachment":"scroll","background-type":"","background-media":"","overlay-type":"","overlay-color":"","overlay-opacity":"","overlay-gradient":""},"tablet":{"background-color":"","background-image":"","background-repeat":"repeat","background-position":"center center","background-size":"auto","background-attachment":"scroll","background-type":"","background-media":"","overlay-type":"","overlay-color":"","overlay-opacity":"","overlay-gradient":""},"mobile":{"background-color":"","background-image":"","background-repeat":"repeat","background-position":"center center","background-size":"auto","background-attachment":"scroll","background-type":"","background-media":"","overlay-type":"","overlay-color":"","overlay-opacity":"","overlay-gradient":""}},"ast-content-background-meta":{"desktop":{"background-color":"var(--ast-global-color-5)","background-image":"","background-repeat":"repeat","background-position":"center center","background-size":"auto","background-attachment":"scroll","background-type":"","background-media":"","overlay-type":"","overlay-color":"","overlay-opacity":"","overlay-gradient":""},"tablet":{"background-color":"var(--ast-global-color-5)","background-image":"","background-repeat":"repeat","background-position":"center center","background-size":"auto","background-attachment":"scroll","background-type":"","background-media":"","overlay-type":"","overlay-color":"","overlay-opacity":"","overlay-gradient":""},"mobile":{"background-color":"var(--ast-global-color-5)","background-image":"","background-repeat":"repeat","background-position":"center center","background-size":"auto","background-attachment":"scroll","background-type":"","background-media":"","overlay-type":"","overlay-color":"","overlay-opacity":"","overlay-gradient":""}},"footnotes":""},"class_list":["post-2640","page","type-page","status-publish","hentry"],"yoast_head":"<!-- This site is optimized with the Yoast SEO plugin v27.4 - https:\/\/yoast.com\/product\/yoast-seo-wordpress\/ -->\n<title>Privacy policy - FemRent<\/title>\n<meta name=\"robots\" content=\"index, follow, max-snippet:-1, max-image-preview:large, max-video-preview:-1\" \/>\n<link rel=\"canonical\" href=\"https:\/\/www.femrent.com\/en\/privacy-policy\/\" \/>\n<meta property=\"og:locale\" content=\"en_US\" \/>\n<meta property=\"og:type\" content=\"article\" \/>\n<meta property=\"og:title\" content=\"Privacy policy - FemRent\" \/>\n<meta property=\"og:description\" content=\"FEMRENT est\u00e1 especialmente sensibilizada con la protecci\u00f3n de los datos de sus clientes y los usuarios de su p\u00e1gina web, por lo que en compliplimiento con la legislaci\u00f3n vigente en materia de protecci\u00f3n de datos personales le informamos de lo siguiente: \u00a0 1. Ownership of the ficheros The owner of this website and the personal [&hellip;]\" \/>\n<meta property=\"og:url\" content=\"https:\/\/www.femrent.com\/en\/privacy-policy\/\" \/>\n<meta property=\"og:site_name\" content=\"FemRent\" \/>\n<meta property=\"article:modified_time\" content=\"2026-02-10T16:13:49+00:00\" \/>\n<meta name=\"twitter:card\" content=\"summary_large_image\" \/>\n<meta name=\"twitter:label1\" content=\"Est. reading time\" \/>\n\t<meta name=\"twitter:data1\" content=\"3 minutes\" \/>\n<script type=\"application\/ld+json\" class=\"yoast-schema-graph\">{\"@context\":\"https:\\\/\\\/schema.org\",\"@graph\":[{\"@type\":\"WebPage\",\"@id\":\"https:\\\/\\\/www.femrent.com\\\/en\\\/privacy-policy\\\/\",\"url\":\"https:\\\/\\\/www.femrent.com\\\/en\\\/privacy-policy\\\/\",\"name\":\"Privacy policy - FemRent\",\"isPartOf\":{\"@id\":\"https:\\\/\\\/www.femrent.com\\\/#website\"},\"datePublished\":\"2022-03-25T21:14:46+00:00\",\"dateModified\":\"2026-02-10T16:13:49+00:00\",\"breadcrumb\":{\"@id\":\"https:\\\/\\\/www.femrent.com\\\/en\\\/privacy-policy\\\/#breadcrumb\"},\"inLanguage\":\"en-US\",\"potentialAction\":[{\"@type\":\"ReadAction\",\"target\":[\"https:\\\/\\\/www.femrent.com\\\/en\\\/privacy-policy\\\/\"]}]},{\"@type\":\"BreadcrumbList\",\"@id\":\"https:\\\/\\\/www.femrent.com\\\/en\\\/privacy-policy\\\/#breadcrumb\",\"itemListElement\":[{\"@type\":\"ListItem\",\"position\":1,\"name\":\"Inici\",\"item\":\"https:\\\/\\\/www.femrent.com\\\/en\\\/\"},{\"@type\":\"ListItem\",\"position\":2,\"name\":\"Privacy policy\"}]},{\"@type\":\"WebSite\",\"@id\":\"https:\\\/\\\/www.femrent.com\\\/#website\",\"url\":\"https:\\\/\\\/www.femrent.com\\\/\",\"name\":\"FemRent\",\"description\":\"\",\"publisher\":{\"@id\":\"https:\\\/\\\/www.femrent.com\\\/#organization\"},\"potentialAction\":[{\"@type\":\"SearchAction\",\"target\":{\"@type\":\"EntryPoint\",\"urlTemplate\":\"https:\\\/\\\/www.femrent.com\\\/?s={search_term_string}\"},\"query-input\":{\"@type\":\"PropertyValueSpecification\",\"valueRequired\":true,\"valueName\":\"search_term_string\"}}],\"inLanguage\":\"en-US\"},{\"@type\":\"Organization\",\"@id\":\"https:\\\/\\\/www.femrent.com\\\/#organization\",\"name\":\"FemRent\",\"url\":\"https:\\\/\\\/www.femrent.com\\\/\",\"logo\":{\"@type\":\"ImageObject\",\"inLanguage\":\"en-US\",\"@id\":\"https:\\\/\\\/www.femrent.com\\\/#\\\/schema\\\/logo\\\/image\\\/\",\"url\":\"https:\\\/\\\/www.femrent.com\\\/wp-content\\\/uploads\\\/2022\\\/06\\\/logo_fem_rent.png\",\"contentUrl\":\"https:\\\/\\\/www.femrent.com\\\/wp-content\\\/uploads\\\/2022\\\/06\\\/logo_fem_rent.png\",\"width\":155,\"height\":121,\"caption\":\"FemRent\"},\"image\":{\"@id\":\"https:\\\/\\\/www.femrent.com\\\/#\\\/schema\\\/logo\\\/image\\\/\"}}]}<\/script>\n<!-- \/ Yoast SEO plugin. -->","yoast_head_json":{"title":"Privacy policy - FemRent","robots":{"index":"index","follow":"follow","max-snippet":"max-snippet:-1","max-image-preview":"max-image-preview:large","max-video-preview":"max-video-preview:-1"},"canonical":"https:\/\/www.femrent.com\/en\/privacy-policy\/","og_locale":"en_US","og_type":"article","og_title":"Privacy policy - FemRent","og_description":"FEMRENT est\u00e1 especialmente sensibilizada con la protecci\u00f3n de los datos de sus clientes y los usuarios de su p\u00e1gina web, por lo que en compliplimiento con la legislaci\u00f3n vigente en materia de protecci\u00f3n de datos personales le informamos de lo siguiente: \u00a0 1. Ownership of the ficheros The owner of this website and the personal [&hellip;]","og_url":"https:\/\/www.femrent.com\/en\/privacy-policy\/","og_site_name":"FemRent","article_modified_time":"2026-02-10T16:13:49+00:00","twitter_card":"summary_large_image","twitter_misc":{"Est. reading time":"3 minutes"},"schema":{"@context":"https:\/\/schema.org","@graph":[{"@type":"WebPage","@id":"https:\/\/www.femrent.com\/en\/privacy-policy\/","url":"https:\/\/www.femrent.com\/en\/privacy-policy\/","name":"Privacy policy - FemRent","isPartOf":{"@id":"https:\/\/www.femrent.com\/#website"},"datePublished":"2022-03-25T21:14:46+00:00","dateModified":"2026-02-10T16:13:49+00:00","breadcrumb":{"@id":"https:\/\/www.femrent.com\/en\/privacy-policy\/#breadcrumb"},"inLanguage":"en-US","potentialAction":[{"@type":"ReadAction","target":["https:\/\/www.femrent.com\/en\/privacy-policy\/"]}]},{"@type":"BreadcrumbList","@id":"https:\/\/www.femrent.com\/en\/privacy-policy\/#breadcrumb","itemListElement":[{"@type":"ListItem","position":1,"name":"Inici","item":"https:\/\/www.femrent.com\/en\/"},{"@type":"ListItem","position":2,"name":"Privacy policy"}]},{"@type":"WebSite","@id":"https:\/\/www.femrent.com\/#website","url":"https:\/\/www.femrent.com\/","name":"FemRent","description":"","publisher":{"@id":"https:\/\/www.femrent.com\/#organization"},"potentialAction":[{"@type":"SearchAction","target":{"@type":"EntryPoint","urlTemplate":"https:\/\/www.femrent.com\/?s={search_term_string}"},"query-input":{"@type":"PropertyValueSpecification","valueRequired":true,"valueName":"search_term_string"}}],"inLanguage":"en-US"},{"@type":"Organization","@id":"https:\/\/www.femrent.com\/#organization","name":"FemRent","url":"https:\/\/www.femrent.com\/","logo":{"@type":"ImageObject","inLanguage":"en-US","@id":"https:\/\/www.femrent.com\/#\/schema\/logo\/image\/","url":"https:\/\/www.femrent.com\/wp-content\/uploads\/2022\/06\/logo_fem_rent.png","contentUrl":"https:\/\/www.femrent.com\/wp-content\/uploads\/2022\/06\/logo_fem_rent.png","width":155,"height":121,"caption":"FemRent"},"image":{"@id":"https:\/\/www.femrent.com\/#\/schema\/logo\/image\/"}}]}},"_links":{"self":[{"href":"https:\/\/www.femrent.com\/en\/wp-json\/wp\/v2\/pages\/2640","targetHints":{"allow":["GET"]}}],"collection":[{"href":"https:\/\/www.femrent.com\/en\/wp-json\/wp\/v2\/pages"}],"about":[{"href":"https:\/\/www.femrent.com\/en\/wp-json\/wp\/v2\/types\/page"}],"author":[{"embeddable":true,"href":"https:\/\/www.femrent.com\/en\/wp-json\/wp\/v2\/users\/1"}],"replies":[{"embeddable":true,"href":"https:\/\/www.femrent.com\/en\/wp-json\/wp\/v2\/comments?post=2640"}],"version-history":[{"count":4,"href":"https:\/\/www.femrent.com\/en\/wp-json\/wp\/v2\/pages\/2640\/revisions"}],"predecessor-version":[{"id":2746,"href":"https:\/\/www.femrent.com\/en\/wp-json\/wp\/v2\/pages\/2640\/revisions\/2746"}],"wp:attachment":[{"href":"https:\/\/www.femrent.com\/en\/wp-json\/wp\/v2\/media?parent=2640"}],"curies":[{"name":"wp","href":"https:\/\/api.w.org\/{rel}","templated":true}]}}