{"id":2639,"date":"2022-06-21T13:12:50","date_gmt":"2022-06-21T11:12:50","guid":{"rendered":"https:\/\/www.femrent.com\/politica-cookies\/"},"modified":"2022-06-21T13:12:50","modified_gmt":"2022-06-21T11:12:50","slug":"politica-cookies","status":"publish","type":"page","link":"https:\/\/www.femrent.com\/es\/politica-cookies\/","title":{"rendered":"Pol\u00edtica de cookies"},"content":{"rendered":"\t\t<div data-elementor-type=\"wp-page\" data-elementor-id=\"2639\" class=\"elementor elementor-2639 elementor-2177\">\n\t\t\t\t\t\t<section class=\"elementor-section elementor-top-section elementor-element elementor-element-27972941 elementor-section-boxed elementor-section-height-default elementor-section-height-default\" data-id=\"27972941\" data-element_type=\"section\" data-e-type=\"section\">\n\t\t\t\t\t\t<div class=\"elementor-container elementor-column-gap-default\">\n\t\t\t\t\t<div class=\"elementor-column elementor-col-100 elementor-top-column elementor-element elementor-element-4bb1a896\" data-id=\"4bb1a896\" data-element_type=\"column\" data-e-type=\"column\">\n\t\t\t<div class=\"elementor-widget-wrap elementor-element-populated\">\n\t\t\t\t\t\t<div class=\"elementor-element elementor-element-68730e94 elementor-widget elementor-widget-text-editor\" data-id=\"68730e94\" data-element_type=\"widget\" data-e-type=\"widget\" data-widget_type=\"text-editor.default\">\n\t\t\t\t<div class=\"elementor-widget-container\">\n\t\t\t\t\t\t\t\t\t<p>Utilizamos&nbsp;cookies&nbsp;propias y&nbsp;de&nbsp;terceros para ofrecer nuestros servicios, recoger informaci\u00f3n estad\u00edstica e incluir publicidad. Si contin\u00faa navegando, acepta su instalaci\u00f3n y uso. Puede&nbsp;cambiar la configuraci\u00f3n u obtener m\u00e1s informaci\u00f3n en nuestra&nbsp;<u>pol\u00edtica&nbsp;<\/u><u>de<\/u><u>&nbsp;<\/u><u>cookies<\/u><\/p>\n<p><\/p>\n<h5><br><\/h5><h5>Uso&nbsp;de&nbsp;COOKIES<\/h5>\n<p>Nuestro sitio web utiliza cookies para mejorar la navegaci\u00f3n y obtener datos estad\u00edsticos sobre las visitas obtenidas.<\/p>\n<p><\/p>\n<h5><br><\/h5><h5>\u00bfQu\u00e9 son las cookies?<\/h5>\n<p>Las cookies son peque\u00f1os archivos&nbsp;de&nbsp;texto que se instalan en el equipo&nbsp;desde&nbsp;el cual se visita nuestro sitio web y que nos proporcionan informaci\u00f3n&nbsp;de&nbsp;forma autom\u00e1tica.&nbsp;<strong>Las cookies en ning\u00fan caso se pue<\/strong>de<strong>n consi<\/strong>de<strong>rar como un virus inform\u00e1tico<\/strong>. No da\u00f1an el ordenador ni ralentizan su funcionamiento en modo alguno. Usted puede&nbsp;eliminar nuestras Cookies en cualquier momento, o rechazarlas configurando su navegador web.<\/p>\n<p><span style=\"font-style: inherit; font-weight: inherit;\">Las cookies se asocian \u00fanicamente con el navegador&nbsp;de&nbsp;un ordenador&nbsp;determinado (un usuario an\u00f3nimo), y no proporcionan por s\u00ed el nombre y apellidos&nbsp;del usuario. Gracias a las cookies, resulta posible que&nbsp;<\/span><strong style=\"font-style: inherit;\">FEMRENT&nbsp;<\/strong><span style=\"font-style: inherit; font-weight: inherit;\">reconozca los navegadores&nbsp;de&nbsp;los usuarios registrados&nbsp;despu\u00e9s&nbsp;de&nbsp;que \u00e9stos se hayan registrado por primera vez, sin que tengan que registrarse en cada visita para acceder a las \u00e1reas y servicios reservados exclusivamente a ellos. Nuestros \u00abcookies\u00bb sirven para identificar una sesi\u00f3n&nbsp;de&nbsp;usuarios (\u00abcookies&nbsp;de&nbsp;sesi\u00f3n\u00bb) y \/ o un ordenador (\u00abcookies temporales\u00bb), y no proporcionan por s\u00ed mismos ni el nombre&nbsp;del usuario ni ning\u00fan otro dato personal. Las cookies utilizadas no pueden leer los archivos cookie creados por otros proveedores. El usuario tiene la posibilidad&nbsp;de&nbsp;configurar su navegador para ser avisado en pantalla&nbsp;de&nbsp;la recepci\u00f3n&nbsp;de&nbsp;cookies y para impedir la instalaci\u00f3n&nbsp;de&nbsp;cookies en su disco duro. Por favor, consulte las instrucciones y manuales&nbsp;de&nbsp;su navegador para ampliar esta informaci\u00f3n.<\/span><\/p>\n<p><strong>FEMRENT<\/strong> utiliza dos tipos&nbsp;de&nbsp;cookies diferentes en nuestro sitio web:<\/p>\n<p><strong>Cookies<\/strong>&nbsp;de&nbsp;<strong>anal\u00edtica web<\/strong>&nbsp;de&nbsp;<strong>terceras partes<\/strong>: Instaladas en su ordenador por el servicio Google Analytics. Son cookies estad\u00edsticas, con las cueles podemos conocer datos \u00fatiles para mejorar nuestro sitio web. Algunos datos recogidos son, por ejemplo: el n\u00famero&nbsp;de visitas recibidas, el origen&nbsp;de&nbsp;las visitas, las palabras clave utilizadas para encontramos o las horas&nbsp;de&nbsp;mayor afluencia&nbsp;de&nbsp;visitantes. Puede&nbsp;obtener m\u00e1s informaci\u00f3n sobre la pol\u00edtica&nbsp;de&nbsp;privacidad&nbsp;de&nbsp;Google Analytics, visitando el siguiente enlace:<br><a href=\"http:\/\/www.google.es\/intl\/es\/analytics\/privacyoverview.html\">Pol\u00edtica&nbsp;de&nbsp;cookies&nbsp;de&nbsp;Google Analytics<\/a><\/p>\n<p>Podr\u00e1 configurar su navegador para no recibir estas cookies y ser\u00e1n rechazadas. En caso contrario, entendemos que contamos con su consentimiento para su instalaci\u00f3n.<\/p>\n<p><strong>Cookies<\/strong>&nbsp;de&nbsp;<strong>personalizaci\u00f3n<\/strong>&nbsp;de&nbsp;<strong>interfaz:<\/strong>&nbsp;Usadas para facilitar la navegaci\u00f3n&nbsp;de&nbsp;nuestro sitio web. Permiten recordar algunos aspectos gr\u00e1ficos&nbsp;de&nbsp;nuestra web autom\u00e1ticamente. En caso&nbsp;de&nbsp;rechazar estas Cookies o ser borradas, la navegaci\u00f3n en nuestro sitio web, no funcionar\u00e1n&nbsp;de&nbsp;forma tan sencilla.<\/p>\n<p>Si tiene dudas sobre nuestra pol\u00edtica&nbsp;de&nbsp;uso&nbsp;de&nbsp;cookies, se puede&nbsp;poner en contacto con nosotros en el siguiente correo&nbsp;<a href=\"mailto:info@femrent.com\">info@femrent.com<\/a><\/p>\n<p><\/p>\n<h5><br><\/h5><h5>C\u00f3mo eliminar las cookies<\/h5>\n<p>Desde&nbsp;tu navegador puedes eliminar las cookies instaladas en el equipo. Las cookies se instalan para cada navegador y por tanto&nbsp;deber\u00e1s eliminarlas&nbsp;del navegador usado para entrar en nuestra p\u00e1gina web.<\/p>\n<p>Aqu\u00ed tienes informaci\u00f3n sobre c\u00f3mo hacerlo en los principales navegadores:<\/p>\n<ul>\n<li><a href=\"https:\/\/support.google.com\/chrome\/answer\/95647?hl=es\">Eliminar cookies en Chrome<\/a><\/li>\n<li><a href=\"https:\/\/support.mozilla.org\/es\/kb\/Borrar%20cookies\">Eliminar cookies en Firefox<\/a><\/li>\n<li><a href=\"http:\/\/windows.microsoft.com\/es-xl\/internet-explorer\/delete-manage-cookies#ie=ie-10\">Eliminar cookies en Internet Explorer<\/a><\/li>\n<li><a href=\"http:\/\/support.apple.com\/kb\/HT1677?viewlocale=es_ES&amp;locale=es_ES\">Eliminar cookies en Safari<\/a><\/li>\n<li><a href=\"http:\/\/help.opera.com\/Windows\/11.50\/es-ES\/cookies.html\">Eliminar cookies en Opera<\/a><\/li>\n<\/ul>\n<p>Para m\u00e1s informaci\u00f3n sobre el uso&nbsp;de&nbsp;Cookies puedes revisar la siguiente documentaci\u00f3n<\/p>\n<p><a href=\"http:\/\/www.agpd.es\/portalwebAGPD\/canaldocumentacion\/publicaciones\/common\/Guias\/Guia_Cookies.pdf\">Gu\u00eda sobre el uso&nbsp;de&nbsp;las cookies&nbsp;de&nbsp;la Agencia Espa\u00f1ola&nbsp;de&nbsp;Protecci\u00f3n&nbsp;de&nbsp;Datos.<\/a><\/p>\t\t\t\t\t\t\t\t<\/div>\n\t\t\t\t<\/div>\n\t\t\t\t\t<\/div>\n\t\t<\/div>\n\t\t\t\t\t<\/div>\n\t\t<\/section>\n\t\t\t\t<\/div>\n\t\t","protected":false},"excerpt":{"rendered":"<p>Utilizamos&nbsp;cookies&nbsp;propias y&nbsp;de&nbsp;terceros para ofrecer nuestros servicios, recoger informaci\u00f3n estad\u00edstica e incluir publicidad. Si contin\u00faa navegando, acepta su instalaci\u00f3n y uso. Puede&nbsp;cambiar la configuraci\u00f3n u obtener m\u00e1s informaci\u00f3n en nuestra&nbsp;pol\u00edtica&nbsp;de&nbsp;cookies Uso&nbsp;de&nbsp;COOKIES Nuestro sitio web utiliza cookies para mejorar la navegaci\u00f3n y obtener datos estad\u00edsticos sobre las visitas obtenidas. \u00bfQu\u00e9 son las cookies? Las cookies son peque\u00f1os [&hellip;]<\/p>\n","protected":false},"author":2,"featured_media":0,"parent":0,"menu_order":0,"comment_status":"closed","ping_status":"open","template":"","meta":{"site-sidebar-layout":"default","site-content-layout":"","ast-site-content-layout":"default","site-content-style":"default","site-sidebar-style":"default","ast-global-header-display":"","ast-banner-title-visibility":"","ast-main-header-display":"","ast-hfb-above-header-display":"","ast-hfb-below-header-display":"","ast-hfb-mobile-header-display":"","site-post-title":"","ast-breadcrumbs-content":"","ast-featured-img":"","footer-sml-layout":"","ast-disable-related-posts":"","theme-transparent-header-meta":"","adv-header-id-meta":"","stick-header-meta":"","header-above-stick-meta":"","header-main-stick-meta":"","header-below-stick-meta":"","astra-migrate-meta-layouts":"default","ast-page-background-enabled":"default","ast-page-background-meta":{"desktop":{"background-color":"var(--ast-global-color-4)","background-image":"","background-repeat":"repeat","background-position":"center center","background-size":"auto","background-attachment":"scroll","background-type":"","background-media":"","overlay-type":"","overlay-color":"","overlay-opacity":"","overlay-gradient":""},"tablet":{"background-color":"","background-image":"","background-repeat":"repeat","background-position":"center center","background-size":"auto","background-attachment":"scroll","background-type":"","background-media":"","overlay-type":"","overlay-color":"","overlay-opacity":"","overlay-gradient":""},"mobile":{"background-color":"","background-image":"","background-repeat":"repeat","background-position":"center center","background-size":"auto","background-attachment":"scroll","background-type":"","background-media":"","overlay-type":"","overlay-color":"","overlay-opacity":"","overlay-gradient":""}},"ast-content-background-meta":{"desktop":{"background-color":"var(--ast-global-color-5)","background-image":"","background-repeat":"repeat","background-position":"center center","background-size":"auto","background-attachment":"scroll","background-type":"","background-media":"","overlay-type":"","overlay-color":"","overlay-opacity":"","overlay-gradient":""},"tablet":{"background-color":"var(--ast-global-color-5)","background-image":"","background-repeat":"repeat","background-position":"center center","background-size":"auto","background-attachment":"scroll","background-type":"","background-media":"","overlay-type":"","overlay-color":"","overlay-opacity":"","overlay-gradient":""},"mobile":{"background-color":"var(--ast-global-color-5)","background-image":"","background-repeat":"repeat","background-position":"center center","background-size":"auto","background-attachment":"scroll","background-type":"","background-media":"","overlay-type":"","overlay-color":"","overlay-opacity":"","overlay-gradient":""}},"footnotes":""},"class_list":["post-2639","page","type-page","status-publish","hentry"],"yoast_head":"<!-- This site is optimized with the Yoast SEO plugin v27.4 - https:\/\/yoast.com\/product\/yoast-seo-wordpress\/ -->\n<title>Pol\u00edtica de cookies - FemRent<\/title>\n<meta name=\"robots\" content=\"index, follow, max-snippet:-1, max-image-preview:large, max-video-preview:-1\" \/>\n<link rel=\"canonical\" href=\"https:\/\/www.femrent.com\/es\/politica-cookies\/\" \/>\n<meta property=\"og:locale\" content=\"es_ES\" \/>\n<meta property=\"og:type\" content=\"article\" \/>\n<meta property=\"og:title\" content=\"Pol\u00edtica de cookies - FemRent\" \/>\n<meta property=\"og:description\" content=\"Utilizamos&nbsp;cookies&nbsp;propias y&nbsp;de&nbsp;terceros para ofrecer nuestros servicios, recoger informaci\u00f3n estad\u00edstica e incluir publicidad. Si contin\u00faa navegando, acepta su instalaci\u00f3n y uso. Puede&nbsp;cambiar la configuraci\u00f3n u obtener m\u00e1s informaci\u00f3n en nuestra&nbsp;pol\u00edtica&nbsp;de&nbsp;cookies Uso&nbsp;de&nbsp;COOKIES Nuestro sitio web utiliza cookies para mejorar la navegaci\u00f3n y obtener datos estad\u00edsticos sobre las visitas obtenidas. \u00bfQu\u00e9 son las cookies? Las cookies son peque\u00f1os [&hellip;]\" \/>\n<meta property=\"og:url\" content=\"https:\/\/www.femrent.com\/es\/politica-cookies\/\" \/>\n<meta property=\"og:site_name\" content=\"FemRent\" \/>\n<meta name=\"twitter:card\" content=\"summary_large_image\" \/>\n<meta name=\"twitter:label1\" content=\"Tiempo de lectura\" \/>\n\t<meta name=\"twitter:data1\" content=\"4 minutos\" \/>\n<script type=\"application\/ld+json\" class=\"yoast-schema-graph\">{\"@context\":\"https:\\\/\\\/schema.org\",\"@graph\":[{\"@type\":\"WebPage\",\"@id\":\"https:\\\/\\\/www.femrent.com\\\/es\\\/politica-cookies\\\/\",\"url\":\"https:\\\/\\\/www.femrent.com\\\/es\\\/politica-cookies\\\/\",\"name\":\"Pol\u00edtica de cookies - FemRent\",\"isPartOf\":{\"@id\":\"https:\\\/\\\/www.femrent.com\\\/#website\"},\"datePublished\":\"2022-06-21T11:12:50+00:00\",\"breadcrumb\":{\"@id\":\"https:\\\/\\\/www.femrent.com\\\/es\\\/politica-cookies\\\/#breadcrumb\"},\"inLanguage\":\"es\",\"potentialAction\":[{\"@type\":\"ReadAction\",\"target\":[\"https:\\\/\\\/www.femrent.com\\\/es\\\/politica-cookies\\\/\"]}]},{\"@type\":\"BreadcrumbList\",\"@id\":\"https:\\\/\\\/www.femrent.com\\\/es\\\/politica-cookies\\\/#breadcrumb\",\"itemListElement\":[{\"@type\":\"ListItem\",\"position\":1,\"name\":\"Inici\",\"item\":\"https:\\\/\\\/www.femrent.com\\\/es\\\/\"},{\"@type\":\"ListItem\",\"position\":2,\"name\":\"Pol\u00edtica de cookies\"}]},{\"@type\":\"WebSite\",\"@id\":\"https:\\\/\\\/www.femrent.com\\\/#website\",\"url\":\"https:\\\/\\\/www.femrent.com\\\/\",\"name\":\"FemRent\",\"description\":\"\",\"publisher\":{\"@id\":\"https:\\\/\\\/www.femrent.com\\\/#organization\"},\"potentialAction\":[{\"@type\":\"SearchAction\",\"target\":{\"@type\":\"EntryPoint\",\"urlTemplate\":\"https:\\\/\\\/www.femrent.com\\\/?s={search_term_string}\"},\"query-input\":{\"@type\":\"PropertyValueSpecification\",\"valueRequired\":true,\"valueName\":\"search_term_string\"}}],\"inLanguage\":\"es\"},{\"@type\":\"Organization\",\"@id\":\"https:\\\/\\\/www.femrent.com\\\/#organization\",\"name\":\"FemRent\",\"url\":\"https:\\\/\\\/www.femrent.com\\\/\",\"logo\":{\"@type\":\"ImageObject\",\"inLanguage\":\"es\",\"@id\":\"https:\\\/\\\/www.femrent.com\\\/#\\\/schema\\\/logo\\\/image\\\/\",\"url\":\"https:\\\/\\\/www.femrent.com\\\/wp-content\\\/uploads\\\/2022\\\/06\\\/logo_fem_rent.png\",\"contentUrl\":\"https:\\\/\\\/www.femrent.com\\\/wp-content\\\/uploads\\\/2022\\\/06\\\/logo_fem_rent.png\",\"width\":155,\"height\":121,\"caption\":\"FemRent\"},\"image\":{\"@id\":\"https:\\\/\\\/www.femrent.com\\\/#\\\/schema\\\/logo\\\/image\\\/\"}}]}<\/script>\n<!-- \/ Yoast SEO plugin. -->","yoast_head_json":{"title":"Pol\u00edtica de cookies - FemRent","robots":{"index":"index","follow":"follow","max-snippet":"max-snippet:-1","max-image-preview":"max-image-preview:large","max-video-preview":"max-video-preview:-1"},"canonical":"https:\/\/www.femrent.com\/es\/politica-cookies\/","og_locale":"es_ES","og_type":"article","og_title":"Pol\u00edtica de cookies - FemRent","og_description":"Utilizamos&nbsp;cookies&nbsp;propias y&nbsp;de&nbsp;terceros para ofrecer nuestros servicios, recoger informaci\u00f3n estad\u00edstica e incluir publicidad. Si contin\u00faa navegando, acepta su instalaci\u00f3n y uso. Puede&nbsp;cambiar la configuraci\u00f3n u obtener m\u00e1s informaci\u00f3n en nuestra&nbsp;pol\u00edtica&nbsp;de&nbsp;cookies Uso&nbsp;de&nbsp;COOKIES Nuestro sitio web utiliza cookies para mejorar la navegaci\u00f3n y obtener datos estad\u00edsticos sobre las visitas obtenidas. \u00bfQu\u00e9 son las cookies? Las cookies son peque\u00f1os [&hellip;]","og_url":"https:\/\/www.femrent.com\/es\/politica-cookies\/","og_site_name":"FemRent","twitter_card":"summary_large_image","twitter_misc":{"Tiempo de lectura":"4 minutos"},"schema":{"@context":"https:\/\/schema.org","@graph":[{"@type":"WebPage","@id":"https:\/\/www.femrent.com\/es\/politica-cookies\/","url":"https:\/\/www.femrent.com\/es\/politica-cookies\/","name":"Pol\u00edtica de cookies - FemRent","isPartOf":{"@id":"https:\/\/www.femrent.com\/#website"},"datePublished":"2022-06-21T11:12:50+00:00","breadcrumb":{"@id":"https:\/\/www.femrent.com\/es\/politica-cookies\/#breadcrumb"},"inLanguage":"es","potentialAction":[{"@type":"ReadAction","target":["https:\/\/www.femrent.com\/es\/politica-cookies\/"]}]},{"@type":"BreadcrumbList","@id":"https:\/\/www.femrent.com\/es\/politica-cookies\/#breadcrumb","itemListElement":[{"@type":"ListItem","position":1,"name":"Inici","item":"https:\/\/www.femrent.com\/es\/"},{"@type":"ListItem","position":2,"name":"Pol\u00edtica de cookies"}]},{"@type":"WebSite","@id":"https:\/\/www.femrent.com\/#website","url":"https:\/\/www.femrent.com\/","name":"FemRent","description":"","publisher":{"@id":"https:\/\/www.femrent.com\/#organization"},"potentialAction":[{"@type":"SearchAction","target":{"@type":"EntryPoint","urlTemplate":"https:\/\/www.femrent.com\/?s={search_term_string}"},"query-input":{"@type":"PropertyValueSpecification","valueRequired":true,"valueName":"search_term_string"}}],"inLanguage":"es"},{"@type":"Organization","@id":"https:\/\/www.femrent.com\/#organization","name":"FemRent","url":"https:\/\/www.femrent.com\/","logo":{"@type":"ImageObject","inLanguage":"es","@id":"https:\/\/www.femrent.com\/#\/schema\/logo\/image\/","url":"https:\/\/www.femrent.com\/wp-content\/uploads\/2022\/06\/logo_fem_rent.png","contentUrl":"https:\/\/www.femrent.com\/wp-content\/uploads\/2022\/06\/logo_fem_rent.png","width":155,"height":121,"caption":"FemRent"},"image":{"@id":"https:\/\/www.femrent.com\/#\/schema\/logo\/image\/"}}]}},"_links":{"self":[{"href":"https:\/\/www.femrent.com\/es\/wp-json\/wp\/v2\/pages\/2639","targetHints":{"allow":["GET"]}}],"collection":[{"href":"https:\/\/www.femrent.com\/es\/wp-json\/wp\/v2\/pages"}],"about":[{"href":"https:\/\/www.femrent.com\/es\/wp-json\/wp\/v2\/types\/page"}],"author":[{"embeddable":true,"href":"https:\/\/www.femrent.com\/es\/wp-json\/wp\/v2\/users\/2"}],"replies":[{"embeddable":true,"href":"https:\/\/www.femrent.com\/es\/wp-json\/wp\/v2\/comments?post=2639"}],"version-history":[{"count":0,"href":"https:\/\/www.femrent.com\/es\/wp-json\/wp\/v2\/pages\/2639\/revisions"}],"wp:attachment":[{"href":"https:\/\/www.femrent.com\/es\/wp-json\/wp\/v2\/media?parent=2639"}],"curies":[{"name":"wp","href":"https:\/\/api.w.org\/{rel}","templated":true}]}}