{"id":2641,"date":"2022-03-25T22:14:46","date_gmt":"2022-03-25T21:14:46","guid":{"rendered":"https:\/\/www.femrent.com\/politica-privacitat\/"},"modified":"2026-02-10T13:50:19","modified_gmt":"2026-02-10T12:50:19","slug":"politica-privacidad","status":"publish","type":"page","link":"https:\/\/www.femrent.com\/es\/politica-privacidad\/","title":{"rendered":"Pol\u00edtica de privacidad"},"content":{"rendered":"\t\t<div data-elementor-type=\"wp-page\" data-elementor-id=\"2641\" class=\"elementor elementor-2641 elementor-3\">\n\t\t\t\t\t\t<section class=\"elementor-section elementor-top-section elementor-element elementor-element-28cbc88c elementor-section-boxed elementor-section-height-default elementor-section-height-default\" data-id=\"28cbc88c\" data-element_type=\"section\" data-e-type=\"section\">\n\t\t\t\t\t\t<div class=\"elementor-container elementor-column-gap-default\">\n\t\t\t\t\t<div class=\"elementor-column elementor-col-100 elementor-top-column elementor-element elementor-element-389076b\" data-id=\"389076b\" data-element_type=\"column\" data-e-type=\"column\">\n\t\t\t<div class=\"elementor-widget-wrap elementor-element-populated\">\n\t\t\t\t\t\t<div class=\"elementor-element elementor-element-4fc2c448 elementor-widget elementor-widget-text-editor\" data-id=\"4fc2c448\" data-element_type=\"widget\" data-e-type=\"widget\" data-widget_type=\"text-editor.default\">\n\t\t\t\t<div class=\"elementor-widget-container\">\n\t\t\t\t\t\t\t\t\t<p>FEMRENT\u00a0est\u00e1 especialmente sensibilizada con la protecci\u00f3n de los datos de sus clientes y los usuarios de su p\u00e1gina web, por lo que en cumplimiento con la legislaci\u00f3n vigente en materia de protecci\u00f3n de datos personales le informamos de lo siguiente:<\/p>\n<h5>\u00a0<\/h5>\n<h5>1. Titularidad de los ficheros<\/h5>\n<p>El titular de esta p\u00e1gina web y de los ficheros de datos personales que se recopilen a trav\u00e9s de esta es:\u00a0<\/p>\n<p>FEMRENT\u00a0<br \/><a href=\"mailto:info@femrent.com\">info@femrent.com<\/a><\/p>\n<p>\u00a0<\/p>\n<h5>2. Recogida de los datos de navegaci\u00f3n<\/h5>\n<p>Puede acceder a todas las \u00e1reas de nuestra p\u00e1gina web en las que no se requiera el uso de claves de acceso sin revelar su identidad.\u00a0<\/p>\n<h5>\u00a0<\/h5>\n<h5>3. Consentimiento para procesar sus datos<\/h5>\n<p>Solamente procesamos sus datos personales cuando estemos autorizados para hacerlo.\u00a0<\/p>\n<p>Usted se puede solicitar informaci\u00f3n como usuario de nuestra web, en el apartado \u201cP\u00f3ngase en contacto\u201d. El registro es necesario si quiere recibir m\u00e1s informaci\u00f3n de nuestras promociones. Como parte del proceso de solicitud de informaci\u00f3n, recogemos, guardamos y procesamos los siguientes datos:<\/p>\n<ul>\n<li>Nombre y apellidos<\/li>\n<li>Telefono<\/li>\n<li>E-mail<\/li>\n<li>Ciudad<\/li>\n<li>Mensaje<\/li>\n<\/ul>\n<p>Mediante la solicitud de informaci\u00f3n a trav\u00e9s de nuestra p\u00e1gina web, usted presta su consentimiento para que los datos de car\u00e1cter personal suministrados sean recopilados y tratados\u00a0por FEMRENT\u00a0de conformidad con la presente Pol\u00edtica de\u00a0Privacidad\u00a0y la legislaci\u00f3n vigente.\u00a0<\/p>\n<p>Al facilitarnos sus datos, usted reconoce que la informaci\u00f3n proporcionada mediante el formulario \u201cpreg\u00fantanos\u201d es cierta, correcta, completa y est\u00e1 actualizada.<\/p>\n<h5>\u00a0<\/h5>\n<h5>4. Finalidad<\/h5>\n<p>Los datos proporcionados por usted podr\u00e1n ser utilizados por\u00a0FEMRENT\u00a0con la finalidad de gestionar las solicitudes realizadas a\u00a0FEMRENT y la entrega de documentaci\u00f3n de las promociones, as\u00ed como para que podamos mantenerle informado de nuestras nuevas acciones.<\/p>\n<p>Por otra parte, si usted lo solicita, le proporcionaremos informaci\u00f3n acerca de los datos que poseemos sobre usted, corregiremos cualquier informaci\u00f3n imprecisa, actualizaremos sus datos o eliminaremos informaci\u00f3n que poseamos, salvo que por exigencia legal se deba conservar determinada informaci\u00f3n.<\/p>\n<h5>\u00a0<\/h5>\n<h5>5. Derechos de Acceso, Rectificaci\u00f3n, Supresi\u00f3n y Oposici\u00f3n<\/h5>\n<p>Podr\u00e1 ejercitar sus derechos de acceso, rectificaci\u00f3n, supresi\u00f3n y oposici\u00f3n a su tratamiento, enviando una comunicaci\u00f3n, con la referencia \u201cProtecci\u00f3n de Datos\u201d, a\u00a0FEMRENT, correo electr\u00f3nico\u00a0<a href=\"mailto:info@femrent.com\">info@femrent.com<\/a><\/p>\n<p>Para ello, deber\u00e1 adjuntar una fotocopia de su DNI o pasaporte.<\/p>\n<p>Si no pudiera ejercitar de manera satisfactoria los derechos aqu\u00ed enumerados, podr\u00e1 presentar una reclamaci\u00f3n ante la Agencia Espa\u00f1ola de Protecci\u00f3n de Datos (<a href=\"http:\/\/www.agpd.es\/\">www.agpd.es<\/a>).<\/p>\n<h5>\u00a0<\/h5>\n<h5>6. Uso de sus datos personales<\/h5>\n<ul>\n<li>a)\u00a0FEMRENT le garantiza que sus datos no ser\u00e1n cedidos a terceras personas sin su consentimiento previo y expreso, salvo a las empresas de mensajer\u00eda o correo que sean contratadas para realizar la entrega de documentaci\u00f3n que sea necesaria enviarle.<\/li>\n<li>b)\u00a0FEMRENT ha adoptado los niveles de seguridad de protecci\u00f3n de los datos de car\u00e1cter personal legalmente requeridos y ha instalado todos los medios y medidas t\u00e9cnicas a su alcance para evitar la p\u00e9rdida, mal uso, alteraci\u00f3n, acceso no autorizado y robo de estos.\u00a0<\/li>\n<li>c) Sus datos personales ser\u00e1n almacenados por\u00a0FEMRENT durante el tiempo necesario para cumplir con las correspondientes obligaciones legales.\u00a0<\/li>\n<\/ul>\t\t\t\t\t\t\t\t<\/div>\n\t\t\t\t<\/div>\n\t\t\t\t\t<\/div>\n\t\t<\/div>\n\t\t\t\t\t<\/div>\n\t\t<\/section>\n\t\t\t\t<\/div>\n\t\t","protected":false},"excerpt":{"rendered":"<p>FEMRENT\u00a0est\u00e1 especialmente sensibilizada con la protecci\u00f3n de los datos de sus clientes y los usuarios de su p\u00e1gina web, por lo que en cumplimiento con la legislaci\u00f3n vigente en materia de protecci\u00f3n de datos personales le informamos de lo siguiente: \u00a0 1. Titularidad de los ficheros El titular de esta p\u00e1gina web y de los [&hellip;]<\/p>\n","protected":false},"author":1,"featured_media":0,"parent":0,"menu_order":0,"comment_status":"closed","ping_status":"open","template":"","meta":{"site-sidebar-layout":"default","site-content-layout":"","ast-site-content-layout":"default","site-content-style":"default","site-sidebar-style":"default","ast-global-header-display":"","ast-banner-title-visibility":"","ast-main-header-display":"","ast-hfb-above-header-display":"","ast-hfb-below-header-display":"","ast-hfb-mobile-header-display":"","site-post-title":"","ast-breadcrumbs-content":"","ast-featured-img":"","footer-sml-layout":"","ast-disable-related-posts":"","theme-transparent-header-meta":"","adv-header-id-meta":"","stick-header-meta":"","header-above-stick-meta":"","header-main-stick-meta":"","header-below-stick-meta":"","astra-migrate-meta-layouts":"default","ast-page-background-enabled":"default","ast-page-background-meta":{"desktop":{"background-color":"var(--ast-global-color-4)","background-image":"","background-repeat":"repeat","background-position":"center center","background-size":"auto","background-attachment":"scroll","background-type":"","background-media":"","overlay-type":"","overlay-color":"","overlay-opacity":"","overlay-gradient":""},"tablet":{"background-color":"","background-image":"","background-repeat":"repeat","background-position":"center center","background-size":"auto","background-attachment":"scroll","background-type":"","background-media":"","overlay-type":"","overlay-color":"","overlay-opacity":"","overlay-gradient":""},"mobile":{"background-color":"","background-image":"","background-repeat":"repeat","background-position":"center center","background-size":"auto","background-attachment":"scroll","background-type":"","background-media":"","overlay-type":"","overlay-color":"","overlay-opacity":"","overlay-gradient":""}},"ast-content-background-meta":{"desktop":{"background-color":"var(--ast-global-color-5)","background-image":"","background-repeat":"repeat","background-position":"center center","background-size":"auto","background-attachment":"scroll","background-type":"","background-media":"","overlay-type":"","overlay-color":"","overlay-opacity":"","overlay-gradient":""},"tablet":{"background-color":"var(--ast-global-color-5)","background-image":"","background-repeat":"repeat","background-position":"center center","background-size":"auto","background-attachment":"scroll","background-type":"","background-media":"","overlay-type":"","overlay-color":"","overlay-opacity":"","overlay-gradient":""},"mobile":{"background-color":"var(--ast-global-color-5)","background-image":"","background-repeat":"repeat","background-position":"center center","background-size":"auto","background-attachment":"scroll","background-type":"","background-media":"","overlay-type":"","overlay-color":"","overlay-opacity":"","overlay-gradient":""}},"footnotes":""},"class_list":["post-2641","page","type-page","status-publish","hentry"],"yoast_head":"<!-- This site is optimized with the Yoast SEO plugin v27.4 - https:\/\/yoast.com\/product\/yoast-seo-wordpress\/ -->\n<title>Pol\u00edtica de privacidad - FemRent<\/title>\n<meta name=\"robots\" content=\"index, follow, max-snippet:-1, max-image-preview:large, max-video-preview:-1\" \/>\n<link rel=\"canonical\" href=\"https:\/\/www.femrent.com\/es\/politica-privacidad\/\" \/>\n<meta property=\"og:locale\" content=\"es_ES\" \/>\n<meta property=\"og:type\" content=\"article\" \/>\n<meta property=\"og:title\" content=\"Pol\u00edtica de privacidad - FemRent\" \/>\n<meta property=\"og:description\" content=\"FEMRENT\u00a0est\u00e1 especialmente sensibilizada con la protecci\u00f3n de los datos de sus clientes y los usuarios de su p\u00e1gina web, por lo que en cumplimiento con la legislaci\u00f3n vigente en materia de protecci\u00f3n de datos personales le informamos de lo siguiente: \u00a0 1. Titularidad de los ficheros El titular de esta p\u00e1gina web y de los [&hellip;]\" \/>\n<meta property=\"og:url\" content=\"https:\/\/www.femrent.com\/es\/politica-privacidad\/\" \/>\n<meta property=\"og:site_name\" content=\"FemRent\" \/>\n<meta property=\"article:modified_time\" content=\"2026-02-10T12:50:19+00:00\" \/>\n<meta name=\"twitter:card\" content=\"summary_large_image\" \/>\n<meta name=\"twitter:label1\" content=\"Tiempo de lectura\" \/>\n\t<meta name=\"twitter:data1\" content=\"3 minutos\" \/>\n<script type=\"application\/ld+json\" class=\"yoast-schema-graph\">{\"@context\":\"https:\\\/\\\/schema.org\",\"@graph\":[{\"@type\":\"WebPage\",\"@id\":\"https:\\\/\\\/www.femrent.com\\\/es\\\/politica-privacidad\\\/\",\"url\":\"https:\\\/\\\/www.femrent.com\\\/es\\\/politica-privacidad\\\/\",\"name\":\"Pol\u00edtica de privacidad - FemRent\",\"isPartOf\":{\"@id\":\"https:\\\/\\\/www.femrent.com\\\/#website\"},\"datePublished\":\"2022-03-25T21:14:46+00:00\",\"dateModified\":\"2026-02-10T12:50:19+00:00\",\"breadcrumb\":{\"@id\":\"https:\\\/\\\/www.femrent.com\\\/es\\\/politica-privacidad\\\/#breadcrumb\"},\"inLanguage\":\"es\",\"potentialAction\":[{\"@type\":\"ReadAction\",\"target\":[\"https:\\\/\\\/www.femrent.com\\\/es\\\/politica-privacidad\\\/\"]}]},{\"@type\":\"BreadcrumbList\",\"@id\":\"https:\\\/\\\/www.femrent.com\\\/es\\\/politica-privacidad\\\/#breadcrumb\",\"itemListElement\":[{\"@type\":\"ListItem\",\"position\":1,\"name\":\"Inici\",\"item\":\"https:\\\/\\\/www.femrent.com\\\/es\\\/\"},{\"@type\":\"ListItem\",\"position\":2,\"name\":\"Pol\u00edtica de privacidad\"}]},{\"@type\":\"WebSite\",\"@id\":\"https:\\\/\\\/www.femrent.com\\\/#website\",\"url\":\"https:\\\/\\\/www.femrent.com\\\/\",\"name\":\"FemRent\",\"description\":\"\",\"publisher\":{\"@id\":\"https:\\\/\\\/www.femrent.com\\\/#organization\"},\"potentialAction\":[{\"@type\":\"SearchAction\",\"target\":{\"@type\":\"EntryPoint\",\"urlTemplate\":\"https:\\\/\\\/www.femrent.com\\\/?s={search_term_string}\"},\"query-input\":{\"@type\":\"PropertyValueSpecification\",\"valueRequired\":true,\"valueName\":\"search_term_string\"}}],\"inLanguage\":\"es\"},{\"@type\":\"Organization\",\"@id\":\"https:\\\/\\\/www.femrent.com\\\/#organization\",\"name\":\"FemRent\",\"url\":\"https:\\\/\\\/www.femrent.com\\\/\",\"logo\":{\"@type\":\"ImageObject\",\"inLanguage\":\"es\",\"@id\":\"https:\\\/\\\/www.femrent.com\\\/#\\\/schema\\\/logo\\\/image\\\/\",\"url\":\"https:\\\/\\\/www.femrent.com\\\/wp-content\\\/uploads\\\/2022\\\/06\\\/logo_fem_rent.png\",\"contentUrl\":\"https:\\\/\\\/www.femrent.com\\\/wp-content\\\/uploads\\\/2022\\\/06\\\/logo_fem_rent.png\",\"width\":155,\"height\":121,\"caption\":\"FemRent\"},\"image\":{\"@id\":\"https:\\\/\\\/www.femrent.com\\\/#\\\/schema\\\/logo\\\/image\\\/\"}}]}<\/script>\n<!-- \/ Yoast SEO plugin. -->","yoast_head_json":{"title":"Pol\u00edtica de privacidad - FemRent","robots":{"index":"index","follow":"follow","max-snippet":"max-snippet:-1","max-image-preview":"max-image-preview:large","max-video-preview":"max-video-preview:-1"},"canonical":"https:\/\/www.femrent.com\/es\/politica-privacidad\/","og_locale":"es_ES","og_type":"article","og_title":"Pol\u00edtica de privacidad - FemRent","og_description":"FEMRENT\u00a0est\u00e1 especialmente sensibilizada con la protecci\u00f3n de los datos de sus clientes y los usuarios de su p\u00e1gina web, por lo que en cumplimiento con la legislaci\u00f3n vigente en materia de protecci\u00f3n de datos personales le informamos de lo siguiente: \u00a0 1. Titularidad de los ficheros El titular de esta p\u00e1gina web y de los [&hellip;]","og_url":"https:\/\/www.femrent.com\/es\/politica-privacidad\/","og_site_name":"FemRent","article_modified_time":"2026-02-10T12:50:19+00:00","twitter_card":"summary_large_image","twitter_misc":{"Tiempo de lectura":"3 minutos"},"schema":{"@context":"https:\/\/schema.org","@graph":[{"@type":"WebPage","@id":"https:\/\/www.femrent.com\/es\/politica-privacidad\/","url":"https:\/\/www.femrent.com\/es\/politica-privacidad\/","name":"Pol\u00edtica de privacidad - FemRent","isPartOf":{"@id":"https:\/\/www.femrent.com\/#website"},"datePublished":"2022-03-25T21:14:46+00:00","dateModified":"2026-02-10T12:50:19+00:00","breadcrumb":{"@id":"https:\/\/www.femrent.com\/es\/politica-privacidad\/#breadcrumb"},"inLanguage":"es","potentialAction":[{"@type":"ReadAction","target":["https:\/\/www.femrent.com\/es\/politica-privacidad\/"]}]},{"@type":"BreadcrumbList","@id":"https:\/\/www.femrent.com\/es\/politica-privacidad\/#breadcrumb","itemListElement":[{"@type":"ListItem","position":1,"name":"Inici","item":"https:\/\/www.femrent.com\/es\/"},{"@type":"ListItem","position":2,"name":"Pol\u00edtica de privacidad"}]},{"@type":"WebSite","@id":"https:\/\/www.femrent.com\/#website","url":"https:\/\/www.femrent.com\/","name":"FemRent","description":"","publisher":{"@id":"https:\/\/www.femrent.com\/#organization"},"potentialAction":[{"@type":"SearchAction","target":{"@type":"EntryPoint","urlTemplate":"https:\/\/www.femrent.com\/?s={search_term_string}"},"query-input":{"@type":"PropertyValueSpecification","valueRequired":true,"valueName":"search_term_string"}}],"inLanguage":"es"},{"@type":"Organization","@id":"https:\/\/www.femrent.com\/#organization","name":"FemRent","url":"https:\/\/www.femrent.com\/","logo":{"@type":"ImageObject","inLanguage":"es","@id":"https:\/\/www.femrent.com\/#\/schema\/logo\/image\/","url":"https:\/\/www.femrent.com\/wp-content\/uploads\/2022\/06\/logo_fem_rent.png","contentUrl":"https:\/\/www.femrent.com\/wp-content\/uploads\/2022\/06\/logo_fem_rent.png","width":155,"height":121,"caption":"FemRent"},"image":{"@id":"https:\/\/www.femrent.com\/#\/schema\/logo\/image\/"}}]}},"_links":{"self":[{"href":"https:\/\/www.femrent.com\/es\/wp-json\/wp\/v2\/pages\/2641","targetHints":{"allow":["GET"]}}],"collection":[{"href":"https:\/\/www.femrent.com\/es\/wp-json\/wp\/v2\/pages"}],"about":[{"href":"https:\/\/www.femrent.com\/es\/wp-json\/wp\/v2\/types\/page"}],"author":[{"embeddable":true,"href":"https:\/\/www.femrent.com\/es\/wp-json\/wp\/v2\/users\/1"}],"replies":[{"embeddable":true,"href":"https:\/\/www.femrent.com\/es\/wp-json\/wp\/v2\/comments?post=2641"}],"version-history":[{"count":2,"href":"https:\/\/www.femrent.com\/es\/wp-json\/wp\/v2\/pages\/2641\/revisions"}],"predecessor-version":[{"id":2683,"href":"https:\/\/www.femrent.com\/es\/wp-json\/wp\/v2\/pages\/2641\/revisions\/2683"}],"wp:attachment":[{"href":"https:\/\/www.femrent.com\/es\/wp-json\/wp\/v2\/media?parent=2641"}],"curies":[{"name":"wp","href":"https:\/\/api.w.org\/{rel}","templated":true}]}}